{"id":192,"date":"2020-01-17T11:02:39","date_gmt":"2020-01-17T11:02:39","guid":{"rendered":"\/\/lauraronco.com\/?post_type=product&#038;p=192"},"modified":"2024-08-10T07:28:54","modified_gmt":"2024-08-10T10:28:54","slug":"padmasana","status":"publish","type":"product","link":"https:\/\/lauraronco.com\/en\/product\/padmasana\/","title":{"rendered":"Bienestar Corporativo \/ Charlas Experienciales"},"content":{"rendered":"<p><strong>Lo que ofrecemos: <\/strong><\/p>\n<p>Los objetivos \u00faltimos, y lo que nos inspira al momento de dise\u00f1ar y llevar a cabo nuestras propuestas son:<\/p>\n<ul>\n<li>Ense\u00f1ar herramientas para reducir el estr\u00e9s y la ansiedad de los colaboradores.<\/li>\n<li>Promover su bienestar y resiliencia.<\/li>\n<li>Fortalecer una cultura integrativa, respeto y empat\u00eda, concordante con los valores de las organizaciones de las que son y forman parte.<\/li>\n<\/ul>\n<p><strong>\u00bfC\u00f3mo lo hacemos?<\/strong><\/p>\n<p>Charlas Taller de 1:30 hs.<br \/>\n(Formato te\u00f3rico-vivencial = presentaci\u00f3n conceptual + pr\u00e1ctica).<br \/>\nPresencial u online.<br \/>\n<strong><br \/>\nTem\u00e1ticas:<\/strong><strong><br \/>\n<\/strong><\/p>\n<ol>\n<li>Mindfulness para el d\u00eda a d\u00eda.<\/li>\n<li>Manejo del estr\u00e9s.<\/li>\n<li>\u00bfC\u00f3mo gestionar la Ansiedad?<\/li>\n<\/ol>\n<p><strong>\u00bfQui\u00e9nes somos?<\/strong><\/p>\n<p>Junto con mi colega, Ignacio Dom\u00ednguez Lemoine, conformamos un equipo interdisciplinario especializado en inteligencia emocional y el entrenamiento de la mente.<\/p>\n<p>Contamos con una amplia experiencia de campo en trabajo con grupos, y one-on-one, en organizaciones, instituciones y p\u00fablico en general.<\/p>\n<p>Nuestras intervenciones, enfocadas al desarrollo del bienestar de las personas, han sabido impactar positivamente en el rendimiento y buen funcionamiento de las corporaciones e instituciones en las que hemos implementado nuestros programas.<\/p>\n<p>&nbsp;<\/p>\n<p><strong>Estamos convencidos de que se pueden alcanzar altos niveles de productividad con una alta eficiencia, humanizada, pr\u00f3spera y sostenible. <\/strong><\/p>\n<p>&nbsp;<\/p>\n<p><strong>Escr\u00edbenos para conocer los contenidos de nuestras propuestas. Todos los\u00a0 programas pueden adaptarse a las inquietudes y necesidades de tu organizaci\u00f3n.\u00a0 <\/strong><\/p>","protected":false},"excerpt":{"rendered":"<p>Las empresas est\u00e1n cumpliendo un rol muy importante, y valioso, al ejercer como actores de cambio y agentes de colaboraci\u00f3n en lo social, la sostenibilidad, la econom\u00eda y la salud.<\/p>\n<p>Es un hecho que el bienestar de las personas, por pura sensatez y sensibilidad adem\u00e1s de los estudios estad\u00edsticos, es un factor determinante para el aumento de su productividad, creatividad y compromiso.<\/p>","protected":false},"featured_media":15137,"comment_status":"open","ping_status":"closed","template":"","meta":{"limit_modified_date":"","last_modified_date":""},"product_brand":[],"product_cat":[217],"product_tag":[40,42,41],"class_list":{"0":"post-192","1":"product","2":"type-product","3":"status-publish","4":"has-post-thumbnail","6":"product_cat-cursos","7":"product_tag-item","8":"product_tag-new","9":"product_tag-supply","11":"first","12":"instock","13":"product-type-external"},"_links":{"self":[{"href":"https:\/\/lauraronco.com\/en\/wp-json\/wp\/v2\/product\/192","targetHints":{"allow":["GET"]}}],"collection":[{"href":"https:\/\/lauraronco.com\/en\/wp-json\/wp\/v2\/product"}],"about":[{"href":"https:\/\/lauraronco.com\/en\/wp-json\/wp\/v2\/types\/product"}],"replies":[{"embeddable":true,"href":"https:\/\/lauraronco.com\/en\/wp-json\/wp\/v2\/comments?post=192"}],"wp:featuredmedia":[{"embeddable":true,"href":"https:\/\/lauraronco.com\/en\/wp-json\/wp\/v2\/media\/15137"}],"wp:attachment":[{"href":"https:\/\/lauraronco.com\/en\/wp-json\/wp\/v2\/media?parent=192"}],"wp:term":[{"taxonomy":"product_brand","embeddable":true,"href":"https:\/\/lauraronco.com\/en\/wp-json\/wp\/v2\/product_brand?post=192"},{"taxonomy":"product_cat","embeddable":true,"href":"https:\/\/lauraronco.com\/en\/wp-json\/wp\/v2\/product_cat?post=192"},{"taxonomy":"product_tag","embeddable":true,"href":"https:\/\/lauraronco.com\/en\/wp-json\/wp\/v2\/product_tag?post=192"}],"curies":[{"name":"wp","href":"https:\/\/api.w.org\/{rel}","templated":true}]}}