{"id":188,"date":"2020-01-17T10:57:55","date_gmt":"2020-01-17T10:57:55","guid":{"rendered":"\/\/lauraronco.com\/?post_type=product&#038;p=188"},"modified":"2022-09-24T18:33:17","modified_gmt":"2022-09-24T21:33:17","slug":"yoga-para-principiantes","status":"publish","type":"product","link":"https:\/\/lauraronco.com\/en\/product\/yoga-para-principiantes\/","title":{"rendered":"Curso de Iniciaci\u00f3n o profundizaci\u00f3n al Tantra"},"content":{"rendered":"<h4><strong>\u00bfEn qu\u00e9 consiste la propuesta?<\/strong><\/h4>\n<p><strong>El amor y la belleza se han hecho para contemplar. \u00bfQu\u00e9 m\u00e1s se le puede desear a un ser humano?<br \/>\n<\/strong><em style=\"letter-spacing: -0.01em;\">\u201cIn\u00e9s\u201d, Julio Ch\u00e1vez<\/em><\/p>\n<p>Y ya sea que conozcas la senda del Tantra, o quieras iniciarte en ella, te propongo este programa personalizado de 4 encuentros en los que podremos investigar algunos de los tesoros m\u00e1s preciosos que tiene el Tantra para ofrecernos como:<\/p>\n<p>&#8211; Herramientas para alcanzar la completud en nosotros mismos y as\u00ed dejar de buscar la satisfacci\u00f3n de nuestras carencias emocionales a trav\u00e9s de otros.<\/p>\n<p>&#8211; La posibilidad de resignificar la sexualidad tal como la conocemos recuperando su dimensi\u00f3n ext\u00e1tica y sagrada. Sagrada en todos los niveles: reproducci\u00f3n como poder \u201cdivino\u201d de creaci\u00f3n; el placer como puerta a otros niveles de consciencia, entre amantes o practicantes, en lo cotidiano o en el marco de un ritual. Y todav\u00eda podemos ir m\u00e1s lejos, ya que en Tantra se pretende hacer de lo cotidiano un ritual y algo sagrado en todo momento.<\/p>\n<p>&#8211; Encontrar en uno mismo el espacio de paz, abundancia y bienestar, liberando el pasado, sanando el contaminado cuerpo emocional, aquietando la mente.<\/p>\n<p>&#8211; Descubrir nuevas dimensiones de lo que somos.<\/p>\n<p>&#8211; Intento de aceptaci\u00f3n amorosa, primero de nosotros mismos, y luego de todo lo que nos llega en la vida, sobre todo a trav\u00e9s de las relaciones con los otros.<\/p>\n<p>&#8211; Transformaci\u00f3n de todo tipo de \u201coscuridad\u201d (conflicto, duda, queja, s\u00edntoma) en \u201cluz\u201d (bienestar, aceptaci\u00f3n, armon\u00eda, integraci\u00f3n, agradecimiento, auto-curaci\u00f3n).<\/p>\n<p>&#8211; Concebir la vida como manifestaci\u00f3n de la energ\u00eda en su danza Yin \u2013 Yang (la dualidad femenino \u2013 masculina) en todas las formas manifiestas. Esto es principio medular del Tantra hinduista que sostiene que el universo emerge de la uni\u00f3n permanentemente de dos principios c\u00f3smicos \u00faltimos y polares simbolizados por Shiva (el masculino, la conciencia) y Shakti (el femenino, la energ\u00eda en constante cambio). Esta visi\u00f3n de esa dualidad primaria opuesta y complementaria ser\u00eda un patr\u00f3n de funcionamiento de la materia y de todos los fen\u00f3menos.<\/p>\n<p>&#8211; Reconocernos como una c\u00e9lula de puro potencial, perteneciente al cuerpo del universo.<\/p>\n<p>&#8211; Tomar conciencia de los modelos de relaci\u00f3n en los que nos hemos movido y nuestros propios patrones de funcionamiento para propiciar un cambio de aquellos ya caducos, que no nos pertenecen o no son ecol\u00f3gicos en el momento presente.<\/p>\n<p>&#8211; Explorar de la consciencia en el \u00fanico tiempo en el que podemos ser y hacer: el presente.<\/p>\n<p>Para que todo esto suceda, tienes que estar dispuesto a construir nuevos paradigmas, a lanzarte a lo desconocido, a abrir tu coraz\u00f3n.<\/p>\n<p>Todo lo dem\u00e1s llegar\u00e1 como el d\u00eda le sigue a la noche, como florece la primavera pasado el invierno. Yo te acompa\u00f1ar\u00e9 en cada paso.<\/p>\n<p>&nbsp;<\/p>\n<p><strong>Escr\u00edbeme si te interesa la propuesta, ser\u00e1 un placer y una alegr\u00eda acompa\u00f1arte en la fascinante aventura de la exploraci\u00f3n de nosotros mismos. <\/strong><\/p>","protected":false},"excerpt":{"rendered":"<p>Programa personalizado para individuos y parejas<br \/>\n4 SESIONES<br \/>\nPresenciales u On-Line.<\/p>\n<p>Sesiones de 120 min. Sugiero tomar una sesi\u00f3n semanal, aunque esto es algo que acordamos juntos.<\/p>","protected":false},"featured_media":15139,"comment_status":"open","ping_status":"closed","template":"","meta":{"limit_modified_date":"","last_modified_date":""},"product_brand":[],"product_cat":[217],"product_tag":[40,43,44],"class_list":{"0":"post-188","1":"product","2":"type-product","3":"status-publish","4":"has-post-thumbnail","6":"product_cat-cursos","7":"product_tag-item","8":"product_tag-store","9":"product_tag-trend","11":"first","12":"instock","13":"taxable","14":"shipping-taxable","15":"product-type-external"},"_links":{"self":[{"href":"https:\/\/lauraronco.com\/en\/wp-json\/wp\/v2\/product\/188","targetHints":{"allow":["GET"]}}],"collection":[{"href":"https:\/\/lauraronco.com\/en\/wp-json\/wp\/v2\/product"}],"about":[{"href":"https:\/\/lauraronco.com\/en\/wp-json\/wp\/v2\/types\/product"}],"replies":[{"embeddable":true,"href":"https:\/\/lauraronco.com\/en\/wp-json\/wp\/v2\/comments?post=188"}],"wp:featuredmedia":[{"embeddable":true,"href":"https:\/\/lauraronco.com\/en\/wp-json\/wp\/v2\/media\/15139"}],"wp:attachment":[{"href":"https:\/\/lauraronco.com\/en\/wp-json\/wp\/v2\/media?parent=188"}],"wp:term":[{"taxonomy":"product_brand","embeddable":true,"href":"https:\/\/lauraronco.com\/en\/wp-json\/wp\/v2\/product_brand?post=188"},{"taxonomy":"product_cat","embeddable":true,"href":"https:\/\/lauraronco.com\/en\/wp-json\/wp\/v2\/product_cat?post=188"},{"taxonomy":"product_tag","embeddable":true,"href":"https:\/\/lauraronco.com\/en\/wp-json\/wp\/v2\/product_tag?post=188"}],"curies":[{"name":"wp","href":"https:\/\/api.w.org\/{rel}","templated":true}]}}